{"id":2081,"date":"2024-12-10T22:01:31","date_gmt":"2024-12-10T20:01:31","guid":{"rendered":"https:\/\/astronomie-club-ostfriesland.de\/?page_id=2081"},"modified":"2024-12-10T22:16:38","modified_gmt":"2024-12-10T20:16:38","slug":"beitraege-tutorials","status":"publish","type":"page","link":"https:\/\/astronomie-club-ostfriesland.de\/?page_id=2081","title":{"rendered":"Unsere Themen &#8211; Tutorials"},"content":{"rendered":"\n<div class=\"wp-block-buttons is-layout-flex wp-block-buttons-is-layout-flex\">\n<div class=\"wp-block-button\"><a class=\"wp-block-button__link wp-element-button\" href=\"https:\/\/astronomie-club-ostfriesland.de\/?page_id=2005\">ALLE<\/a><\/div>\n\n\n\n<div class=\"wp-block-button\"><a class=\"wp-block-button__link wp-element-button\" href=\"https:\/\/astronomie-club-ostfriesland.de\/?page_id=2100\">Allgemein<\/a><\/div>\n\n\n\n<div class=\"wp-block-button\"><a class=\"wp-block-button__link wp-element-button\" href=\"https:\/\/astronomie-club-ostfriesland.de\/?page_id=2071\">Berichte<\/a><\/div>\n\n\n\n<div class=\"wp-block-button\"><a class=\"wp-block-button__link wp-element-button\" href=\"https:\/\/astronomie-club-ostfriesland.de\/?page_id=2081\">Tutorials<\/a><\/div>\n\n\n\n<div class=\"wp-block-button\"><a class=\"wp-block-button__link wp-element-button\" href=\"https:\/\/astronomie-club-ostfriesland.de\/?page_id=2083\">Projekte<\/a><\/div>\n<\/div>\n\n\n\n<hr class=\"wp-block-separator has-alpha-channel-opacity is-style-default\"\/>\n\n\n<ul class=\"wp-block-latest-posts__list has-author min-height-200 wp-block-latest-posts\"><li><a class=\"wp-block-latest-posts__post-title\" href=\"https:\/\/astronomie-club-ostfriesland.de\/?p=1967\">Bearbeitung von Mondbildern<\/a><div class=\"wp-block-latest-posts__post-author\">von Martin Stenke<\/div><div class=\"wp-block-latest-posts__post-excerpt\">Ein Minitutorial zur Herstellung von Mondbildern . Unser Vereinsmitglied Martin Stenke hat sich die M\u00fche gemacht, seinen Bearbeitungs-Workflow bei der Entwicklung von\u2026\u00a0<a class=\"wp-block-latest-posts__read-more\" href=\"https:\/\/astronomie-club-ostfriesland.de\/?p=1967\" rel=\"noopener noreferrer\"><span class=\"screen-reader-text\">Bearbeitung von Mondbildern <\/span>weiterlesen<\/a><\/div><\/li>\n<li><a class=\"wp-block-latest-posts__post-title\" href=\"https:\/\/astronomie-club-ostfriesland.de\/?p=1961\">Verkorkster Jupiter &#8211; doch noch gerettet?<\/a><div class=\"wp-block-latest-posts__post-author\">von Martin Stenke<\/div><div class=\"wp-block-latest-posts__post-excerpt\">Am 12.08.2022 fr\u00fch morgens herrschten f\u00fcr die Verh\u00e4ltnisse in Ostfriesland sehr gute Bedingungen f\u00fcr die Planetenfotografie, somit habe ich eifrig Filme von\u2026\u00a0<a class=\"wp-block-latest-posts__read-more\" href=\"https:\/\/astronomie-club-ostfriesland.de\/?p=1961\" rel=\"noopener noreferrer\"><span class=\"screen-reader-text\">Verkorkster Jupiter &#8211; doch noch gerettet? <\/span>weiterlesen<\/a><\/div><\/li>\n<\/ul>","protected":false},"excerpt":{"rendered":"","protected":false},"author":8,"featured_media":0,"parent":0,"menu_order":0,"comment_status":"closed","ping_status":"closed","template":"","meta":{"footnotes":""},"class_list":["post-2081","page","type-page","status-publish","hentry"],"jetpack_sharing_enabled":true,"_links":{"self":[{"href":"https:\/\/astronomie-club-ostfriesland.de\/index.php?rest_route=\/wp\/v2\/pages\/2081","targetHints":{"allow":["GET"]}}],"collection":[{"href":"https:\/\/astronomie-club-ostfriesland.de\/index.php?rest_route=\/wp\/v2\/pages"}],"about":[{"href":"https:\/\/astronomie-club-ostfriesland.de\/index.php?rest_route=\/wp\/v2\/types\/page"}],"author":[{"embeddable":true,"href":"https:\/\/astronomie-club-ostfriesland.de\/index.php?rest_route=\/wp\/v2\/users\/8"}],"replies":[{"embeddable":true,"href":"https:\/\/astronomie-club-ostfriesland.de\/index.php?rest_route=%2Fwp%2Fv2%2Fcomments&post=2081"}],"version-history":[{"count":5,"href":"https:\/\/astronomie-club-ostfriesland.de\/index.php?rest_route=\/wp\/v2\/pages\/2081\/revisions"}],"predecessor-version":[{"id":2105,"href":"https:\/\/astronomie-club-ostfriesland.de\/index.php?rest_route=\/wp\/v2\/pages\/2081\/revisions\/2105"}],"wp:attachment":[{"href":"https:\/\/astronomie-club-ostfriesland.de\/index.php?rest_route=%2Fwp%2Fv2%2Fmedia&parent=2081"}],"curies":[{"name":"wp","href":"https:\/\/api.w.org\/{rel}","templated":true}]}}