{"id":2117,"date":"2025-03-04T17:49:28","date_gmt":"2025-03-04T15:49:28","guid":{"rendered":"https:\/\/astronomie-club-ostfriesland.de\/?page_id=2117"},"modified":"2025-04-01T16:57:14","modified_gmt":"2025-04-01T14:57:14","slug":"beobachtungsabende","status":"publish","type":"page","link":"https:\/\/astronomie-club-ostfriesland.de\/?page_id=2117","title":{"rendered":"Beobachtungsabende"},"content":{"rendered":"\n<p>Bei den Beobachtungsabenden steht das gemeinsame Erkunden des Sternenhimmels und der fachliche Austausch im Mittelpunkt. Verschiedene Teleskope kommen zum Einsatz, um faszinierende Himmelsobjekte zu entdecken und dabei werden Tipps sowie Erfahrungen geteilt.<\/p>\n\n\n\n<p>Die Abende finden in der Regel <strong>nach kurzfristiger Vereinbarung<\/strong> im<br><strong>Moorweg 3, 26639 Wiesmoor\/Zwischenbergen<\/strong> statt.<\/p>\n\n\n\n<p>Sobald neue Termine festgelegt sind, erscheinen sie direkt hier auf unserer Webseite. Einsteiger und erfahrene Hobbyastronomen haben gleicherma\u00dfen die M\u00f6glichkeit, ihre Begeisterung f\u00fcr das Universum zu vertiefen und in gem\u00fctlicher Runde zu fachsimpeln.<\/p>\n\n\n\n<p>Auf Anfrage k\u00f6nnen wir auch Beobachtungsabende f\u00fcr Gruppen (z.B. Schulklassen) organisieren.<\/p>\n","protected":false},"excerpt":{"rendered":"<p>Bei den Beobachtungsabenden steht das gemeinsame Erkunden des Sternenhimmels und der fachliche Austausch im Mittelpunkt. Verschiedene Teleskope kommen zum Einsatz, um faszinierende [&hellip;]<\/p>\n","protected":false},"author":8,"featured_media":0,"parent":0,"menu_order":0,"comment_status":"closed","ping_status":"closed","template":"","meta":{"footnotes":""},"class_list":["post-2117","page","type-page","status-publish","hentry"],"jetpack_sharing_enabled":true,"_links":{"self":[{"href":"https:\/\/astronomie-club-ostfriesland.de\/index.php?rest_route=\/wp\/v2\/pages\/2117","targetHints":{"allow":["GET"]}}],"collection":[{"href":"https:\/\/astronomie-club-ostfriesland.de\/index.php?rest_route=\/wp\/v2\/pages"}],"about":[{"href":"https:\/\/astronomie-club-ostfriesland.de\/index.php?rest_route=\/wp\/v2\/types\/page"}],"author":[{"embeddable":true,"href":"https:\/\/astronomie-club-ostfriesland.de\/index.php?rest_route=\/wp\/v2\/users\/8"}],"replies":[{"embeddable":true,"href":"https:\/\/astronomie-club-ostfriesland.de\/index.php?rest_route=%2Fwp%2Fv2%2Fcomments&post=2117"}],"version-history":[{"count":5,"href":"https:\/\/astronomie-club-ostfriesland.de\/index.php?rest_route=\/wp\/v2\/pages\/2117\/revisions"}],"predecessor-version":[{"id":2212,"href":"https:\/\/astronomie-club-ostfriesland.de\/index.php?rest_route=\/wp\/v2\/pages\/2117\/revisions\/2212"}],"wp:attachment":[{"href":"https:\/\/astronomie-club-ostfriesland.de\/index.php?rest_route=%2Fwp%2Fv2%2Fmedia&parent=2117"}],"curies":[{"name":"wp","href":"https:\/\/api.w.org\/{rel}","templated":true}]}}