{"id":2119,"date":"2025-03-04T17:49:38","date_gmt":"2025-03-04T15:49:38","guid":{"rendered":"https:\/\/astronomie-club-ostfriesland.de\/?page_id=2119"},"modified":"2025-03-04T18:09:06","modified_gmt":"2025-03-04T16:09:06","slug":"vereinstreffen","status":"publish","type":"page","link":"https:\/\/astronomie-club-ostfriesland.de\/?page_id=2119","title":{"rendered":"Vereinstreffen"},"content":{"rendered":"\n<p>Du m\u00f6chtest in entspannter Atmosph\u00e4re mehr \u00fcber Astronomie erfahren oder dich mit Gleichgesinnten austauschen? Dann bist du herzlich eingeladen zu unserem regelm\u00e4\u00dfigen Vereinstreffen! Jeden <strong>2. Freitag im Monat ab 20.00 Uhr<\/strong> treffen wir uns in der<br><strong>Gastst\u00e4tte Fiedler, Hauptstra\u00dfe 398, 26639 Wiesmoor\/Vo\u00dfbarg<\/strong>.<\/p>\n\n\n<div class=\"wp-block-image\">\n<figure class=\"alignright size-full is-resized\"><img loading=\"lazy\" decoding=\"async\" width=\"576\" height=\"768\" src=\"https:\/\/astronomie-club-ostfriesland.de\/wp-content\/uploads\/2022\/12\/PXL_20221209_204025103.MPkl_.jpg\" alt=\"Ein typischer Vereinsabend\" class=\"wp-image-1216\" style=\"width:363px;height:auto\" srcset=\"https:\/\/astronomie-club-ostfriesland.de\/wp-content\/uploads\/2022\/12\/PXL_20221209_204025103.MPkl_.jpg 576w, https:\/\/astronomie-club-ostfriesland.de\/wp-content\/uploads\/2022\/12\/PXL_20221209_204025103.MPkl_-225x300.jpg 225w, https:\/\/astronomie-club-ostfriesland.de\/wp-content\/uploads\/2022\/12\/PXL_20221209_204025103.MPkl_-230x307.jpg 230w, https:\/\/astronomie-club-ostfriesland.de\/wp-content\/uploads\/2022\/12\/PXL_20221209_204025103.MPkl_-350x467.jpg 350w, https:\/\/astronomie-club-ostfriesland.de\/wp-content\/uploads\/2022\/12\/PXL_20221209_204025103.MPkl_-480x640.jpg 480w\" sizes=\"auto, (max-width: 576px) 100vw, 576px\" \/><\/figure>\n<\/div>\n\n\n<p>Hier erwartet dich eine lockere Runde mit einem leckeren Abendessen und k\u00fchlen Getr\u00e4nken. Ob du bereits erste Himmelsobjekte beobachtet hast, deine eigene Ausr\u00fcstung optimieren m\u00f6chtest oder einfach nur neugierig bist: Bei uns findest du immer jemanden, der deine Begeisterung f\u00fcr Sterne, Planeten und ferne Galaxien teilt. Gemeinsam besprechen wir neue Astrothemen, planen zuk\u00fcnftige Beobachtungstreffen, fachsimpeln \u00fcber Equipment und tauschen hilfreiche Tipps und Tricks aus.<\/p>\n\n\n\n<p>Ganz gleich, ob du schon ein erfahrener Sterngucker bist oder gerade erst deine Faszination f\u00fcr das Universum entdeckt hast \u2013 wir freuen uns darauf, dich kennenzulernen. Unsere Treffen sind der ideale Ort, um Kontakte zu kn\u00fcpfen, Neues zu lernen oder einfach in lockerer Gesellschaft \u00fcber die Wunder des Nachthimmels zu kl\u00f6nen.<\/p>\n\n\n\n<p>Komm doch einfach mal vorbei und schnuppere Vereinsluft! Bei unseren geselligen Treffen hast du die beste Gelegenheit, tiefer in die Welt der Astronomie einzutauchen. Wir freuen uns auf dich!<\/p>\n","protected":false},"excerpt":{"rendered":"<p>Du m\u00f6chtest in entspannter Atmosph\u00e4re mehr \u00fcber Astronomie erfahren oder dich mit Gleichgesinnten austauschen? Dann bist du herzlich eingeladen zu unserem regelm\u00e4\u00dfigen [&hellip;]<\/p>\n","protected":false},"author":8,"featured_media":0,"parent":0,"menu_order":0,"comment_status":"closed","ping_status":"closed","template":"","meta":{"footnotes":""},"class_list":["post-2119","page","type-page","status-publish","hentry"],"jetpack_sharing_enabled":true,"_links":{"self":[{"href":"https:\/\/astronomie-club-ostfriesland.de\/index.php?rest_route=\/wp\/v2\/pages\/2119","targetHints":{"allow":["GET"]}}],"collection":[{"href":"https:\/\/astronomie-club-ostfriesland.de\/index.php?rest_route=\/wp\/v2\/pages"}],"about":[{"href":"https:\/\/astronomie-club-ostfriesland.de\/index.php?rest_route=\/wp\/v2\/types\/page"}],"author":[{"embeddable":true,"href":"https:\/\/astronomie-club-ostfriesland.de\/index.php?rest_route=\/wp\/v2\/users\/8"}],"replies":[{"embeddable":true,"href":"https:\/\/astronomie-club-ostfriesland.de\/index.php?rest_route=%2Fwp%2Fv2%2Fcomments&post=2119"}],"version-history":[{"count":3,"href":"https:\/\/astronomie-club-ostfriesland.de\/index.php?rest_route=\/wp\/v2\/pages\/2119\/revisions"}],"predecessor-version":[{"id":2135,"href":"https:\/\/astronomie-club-ostfriesland.de\/index.php?rest_route=\/wp\/v2\/pages\/2119\/revisions\/2135"}],"wp:attachment":[{"href":"https:\/\/astronomie-club-ostfriesland.de\/index.php?rest_route=%2Fwp%2Fv2%2Fmedia&parent=2119"}],"curies":[{"name":"wp","href":"https:\/\/api.w.org\/{rel}","templated":true}]}}