{"id":6,"date":"2022-06-20T12:58:34","date_gmt":"2022-06-20T10:58:34","guid":{"rendered":"https:\/\/astronomie-club-ostfriesland.de\/?page_id=6"},"modified":"2026-03-16T15:16:38","modified_gmt":"2026-03-16T13:16:38","slug":"6-2","status":"publish","type":"page","link":"https:\/\/astronomie-club-ostfriesland.de\/","title":{"rendered":""},"content":{"rendered":"<div class=\"wp-block-image is-resized main-page-logo\">\n<figure class=\"alignleft size-full\"><img loading=\"lazy\" decoding=\"async\" width=\"800\" height=\"510\" src=\"https:\/\/astronomie-club-ostfriesland.de\/wp-content\/uploads\/2022\/07\/ACO_Logo-800Q.gif\" alt=\"\" class=\"wp-image-395\" style=\"width:468px;height:auto\"\/><\/figure>\n<\/div>\n\n\n<p><\/p>\n\n\n\n<p><\/p>\n\n\n\n<p class=\"has-text-align-left has-medium-font-size\">Dies sind die Seiten des Astronomie Club Ostfriesland (ACO). Mit seiner \u00fcber 30 Personen starken Besatzung erkundet unser Verein seit vielen Jahren die faszinierenden Weiten des Universums.<\/p>\n\n\n\n<p class=\"has-medium-font-size\">Es freut uns, dass du den Weg zu uns gefunden hast. Unser Vereinslokal ist die Gastst\u00e4tte Fiedler in Wiesmoor\/Vo\u00dfbarg, Hauptstra\u00dfe 398. Hier treffen wir uns normalerweise am 2. Freitag im Monat ab 20.00 Uhr. Alle astronomisch Interessierten \u2013 oder die es gerne werden wollen \u2013 sind herzlich willkommen. <\/p>\n\n\n\n<p class=\"has-medium-font-size\">Aus aktuellem Anlass m\u00f6chten wir auf den <strong>Tag der Astronomie und Raumfahrt<\/strong> am 28.03.2026 aufmerksam machen. Dieser findet am 28.03.2026 von 13:30 bis 18\/19 Uhr bei der Jade Hochschule (Friedrich-Paffrath-Stra\u00dfe 101, 26389 Wilhelmshaven) statt. <a href=\"https:\/\/astronomie-club-ostfriesland.de\/?p=2415\" data-type=\"post\" data-id=\"2415\">Mehr Information findest du in diesem Beitrag<\/a> oder auf dem <a href=\"https:\/\/astronomie-club-ostfriesland.de\/wp-content\/uploads\/2026\/03\/Flyer-TdA2026.pdf\" data-type=\"link\" data-id=\"https:\/\/astronomie-club-ostfriesland.de\/wp-content\/uploads\/2026\/03\/Flyer-TdA2026.pdf\">offiziellen Flyer<\/a>.<\/p>\n\n\n\n<p class=\"has-medium-font-size\">Vom <strong>06.06. bis zum 14.06.2026<\/strong> findest das <a href=\"https:\/\/astronomie-club-ostfriesland.de\/?page_id=1816\" data-type=\"page\" data-id=\"1816\"><strong>Sommersonnenwende Astronomietage \u2013 SWAT<\/strong><\/a> statt. Das Sommertreffen erg\u00e4nzt das traditionelle Astronomie-Treffen im Herbst und findet in der warmen Jahreszeit statt. Diese Veranstaltung bietet eine frische Perspektive auf die Astronomie, indem sie Interessierte und Hobbyastronomen in einer entspannten, sommerlichen Atmosph\u00e4re zusammenbringt.<\/p>\n\n\n\n<p class=\"has-medium-font-size\">Vom <strong>10. bis 18. Oktober 2026<\/strong> laden wir herzlich zu den <strong><a href=\"https:\/\/astronomie-club-ostfriesland.de\/?page_id=18\" data-type=\"page\" data-id=\"18\">20. Astronomietagen Ostfrieslands<\/a><\/strong> ein, die beim Dorfgemeinschaftshaus in Zwischenbergen veranstaltet werden. Dieses Event ist eines der gr\u00f6\u00dften Teleskoptreffen in Nordwestdeutschland und bietet Hobbyastronomen und Interessierten eine gro\u00dfartige Gelegenheit, den Sternenhimmel zu beobachten, Vortr\u00e4ge zu genie\u00dfen und verschiedene Teleskope auszuprobieren.<\/p>\n\n\n\n<p class=\"has-text-align-left has-medium-font-size\">Unser Verein lebt von Engagement, Spenden und Sponsoren. Wenn du uns unterst\u00fctzen m\u00f6chtest, freuen wir uns \u00fcber deine Nachricht per E-Mail. Auch Anregungen, Kritik und Gr\u00fc\u00dfe nehmen wir gerne entgegen.<\/p>\n\n\n\n<div style=\"height:100px\" aria-hidden=\"true\" class=\"wp-block-spacer\"><\/div>\n\n\n\n<figure class=\"wp-block-video video-cap-height\"><video height=\"480\" style=\"aspect-ratio: 480 \/ 480;\" width=\"480\" controls src=\"https:\/\/astronomie-club-ostfriesland.de\/wp-content\/uploads\/2022\/06\/Sonja-Video.mp4\"><\/video><figcaption class=\"wp-element-caption\">Video: Unser sch\u00f6nes Hobby<\/figcaption><\/figure>\n","protected":false},"excerpt":{"rendered":"<p>Dies sind die Seiten des Astronomie Club Ostfriesland (ACO). Mit seiner \u00fcber 30 Personen starken Besatzung erkundet unser Verein seit vielen Jahren [&hellip;]<\/p>\n","protected":false},"author":8,"featured_media":0,"parent":0,"menu_order":0,"comment_status":"closed","ping_status":"closed","template":"","meta":{"footnotes":""},"class_list":["post-6","page","type-page","status-publish","hentry"],"jetpack_sharing_enabled":true,"_links":{"self":[{"href":"https:\/\/astronomie-club-ostfriesland.de\/index.php?rest_route=\/wp\/v2\/pages\/6","targetHints":{"allow":["GET"]}}],"collection":[{"href":"https:\/\/astronomie-club-ostfriesland.de\/index.php?rest_route=\/wp\/v2\/pages"}],"about":[{"href":"https:\/\/astronomie-club-ostfriesland.de\/index.php?rest_route=\/wp\/v2\/types\/page"}],"author":[{"embeddable":true,"href":"https:\/\/astronomie-club-ostfriesland.de\/index.php?rest_route=\/wp\/v2\/users\/8"}],"replies":[{"embeddable":true,"href":"https:\/\/astronomie-club-ostfriesland.de\/index.php?rest_route=%2Fwp%2Fv2%2Fcomments&post=6"}],"version-history":[{"count":122,"href":"https:\/\/astronomie-club-ostfriesland.de\/index.php?rest_route=\/wp\/v2\/pages\/6\/revisions"}],"predecessor-version":[{"id":2424,"href":"https:\/\/astronomie-club-ostfriesland.de\/index.php?rest_route=\/wp\/v2\/pages\/6\/revisions\/2424"}],"wp:attachment":[{"href":"https:\/\/astronomie-club-ostfriesland.de\/index.php?rest_route=%2Fwp%2Fv2%2Fmedia&parent=6"}],"curies":[{"name":"wp","href":"https:\/\/api.w.org\/{rel}","templated":true}]}}